{"id":863,"date":"2023-12-12T11:15:39","date_gmt":"2023-12-12T11:15:39","guid":{"rendered":"https:\/\/test.majorelreizen.nl\/?page_id=863"},"modified":"2024-01-29T12:27:41","modified_gmt":"2024-01-29T12:27:41","slug":"la-villa-belgique","status":"publish","type":"page","link":"https:\/\/albaicin-event.be\/nl\/la-villa-belgique\/","title":{"rendered":"De villa"},"content":{"rendered":"<div data-elementor-type=\"wp-page\" data-elementor-id=\"863\" class=\"elementor elementor-863\" data-elementor-post-type=\"page\">\n\t\t\t\t<div class=\"elementor-element elementor-element-259e97ff e-con-full e-flex e-con e-parent\" data-id=\"259e97ff\" data-element_type=\"container\">\n\t\t\t\t<div class=\"elementor-element elementor-element-7f4d552b elementor--h-position-center elementor--v-position-middle elementor-widget elementor-widget-slides\" data-id=\"7f4d552b\" data-element_type=\"widget\" data-settings=\"{&quot;navigation&quot;:&quot;none&quot;,&quot;transition&quot;:&quot;fade&quot;,&quot;transition_speed&quot;:600,&quot;autoplay&quot;:&quot;yes&quot;,&quot;pause_on_hover&quot;:&quot;yes&quot;,&quot;pause_on_interaction&quot;:&quot;yes&quot;,&quot;autoplay_speed&quot;:5000,&quot;infinite&quot;:&quot;yes&quot;}\" data-widget_type=\"slides.default\">\n\t\t\t\t<div class=\"elementor-widget-container\">\n\t\t\t\t\t<div class=\"elementor-swiper\">\n\t\t\t<div class=\"elementor-slides-wrapper elementor-main-swiper swiper\" dir=\"ltr\" data-animation=\"\">\n\t\t\t\t<div class=\"swiper-wrapper elementor-slides\">\n\t\t\t\t\t\t\t\t\t\t<div class=\"elementor-repeater-item-c9cbac4 swiper-slide\"><div class=\"swiper-slide-bg elementor-ken-burns elementor-ken-burns--out\" role=\"img\"><\/div><div class=\"swiper-slide-inner\" ><div class=\"swiper-slide-contents\"><\/div><\/div><\/div>\t\t\t\t<\/div>\n\t\t\t\t\t\t\t<\/div>\n\t\t<\/div>\n\t\t\t\t<\/div>\n\t\t\t\t<\/div>\n\t\t\t\t<\/div>\n\t\t<div class=\"elementor-element elementor-element-6a49fa8 e-flex e-con-boxed e-con e-parent\" data-id=\"6a49fa8\" data-element_type=\"container\">\n\t\t\t\t\t<div class=\"e-con-inner\">\n\t\t<div class=\"elementor-element elementor-element-3407c7e8 e-con-full e-flex e-con e-child\" data-id=\"3407c7e8\" data-element_type=\"container\">\n\t\t\t\t<div class=\"elementor-element elementor-element-117bc158 elementor-widget elementor-widget-heading\" data-id=\"117bc158\" data-element_type=\"widget\" data-widget_type=\"heading.default\">\n\t\t\t\t<div class=\"elementor-widget-container\">\n\t\t\t<h2 class=\"elementor-heading-title elementor-size-default\"><u>Alba\u00efcin\u2026 La villa de luxe de Marrakech !<\/u><\/h2>\t\t<\/div>\n\t\t\t\t<\/div>\n\t\t\t\t<\/div>\n\t\t\t\t\t<\/div>\n\t\t\t\t<\/div>\n\t\t<div class=\"elementor-element elementor-element-74e95bf4 e-flex e-con-boxed e-con e-parent\" data-id=\"74e95bf4\" data-element_type=\"container\">\n\t\t\t\t\t<div class=\"e-con-inner\">\n\t\t<div class=\"elementor-element elementor-element-d7cf5c6 e-con-full e-flex e-con e-child\" data-id=\"d7cf5c6\" data-element_type=\"container\">\n\t\t\t\t<div class=\"elementor-element elementor-element-818e681 elementor-widget__width-initial elementor-widget elementor-widget-text-editor\" data-id=\"818e681\" data-element_type=\"widget\" data-widget_type=\"text-editor.default\">\n\t\t\t\t<div class=\"elementor-widget-container\">\n\t\t\t\t\t\t\t<p>Cette villa de luxe arabo-andalouse sophistiqu\u00e9e \u00e0 Marrakech offre un acc\u00e8s exclusif \u00e0 des vues imprenables sur l&rsquo;Atlas. A seulement 20 minutes du centre de Marrakech, cet h\u00f4tel de luxe est situ\u00e9 au c\u0153ur d&rsquo;une oasis de verdure, \u00e0 l&rsquo;\u00e9cart de l&rsquo;agitation de la ville. La combinaison parfaite entre luxe et hospitalit\u00e9 offre tout le confort dont vous avez besoin pour un s\u00e9jour d&rsquo;exception \u00e0 Marrakech. <br \/>Situ\u00e9e au sein d&rsquo;un parc de 2 hectares, la propri\u00e9t\u00e9 repr\u00e9sente une v\u00e9ritable oasis de paix, o\u00f9 chaque d\u00e9tail a \u00e9t\u00e9 soigneusement pens\u00e9 pour r\u00e9pondre \u00e0 vos besoins de d\u00e9tente et de divertissement. L&rsquo;architecture sophistiqu\u00e9e allie le style arabo-andalou \u00e0 des lignes \u00e9pur\u00e9es et contemporaines, et la d\u00e9coration int\u00e9rieure est particuli\u00e8rement raffin\u00e9e. Une immense piscine de 26 m\u00e8tres de long avec deux bains \u00e0 remous int\u00e9gr\u00e9s et entour\u00e9e d&rsquo;une v\u00e9g\u00e9tation luxuriante, avec une vue imprenable sur les montagnes de l&rsquo;Atlas et la majestueuse ville ocre de Marrakech, un r\u00eave devenu r\u00e9alit\u00e9 qui cr\u00e9e un cadre idyllique pour votre s\u00e9jour.<\/p>\t\t\t\t\t\t<\/div>\n\t\t\t\t<\/div>\n\t\t\t\t<div class=\"elementor-element elementor-element-0149cf7 elementor-hidden-desktop elementor-widget elementor-widget-image\" data-id=\"0149cf7\" data-element_type=\"widget\" data-widget_type=\"image.default\">\n\t\t\t\t<div class=\"elementor-widget-container\">\n\t\t\t\t\t\t\t\t\t\t\t\t\t<img fetchpriority=\"high\" decoding=\"async\" width=\"2085\" height=\"1390\" src=\"https:\/\/albaicin-event.be\/wp-content\/uploads\/2023\/12\/Albaicin-Sport-1.jpg\" class=\"attachment-full size-full wp-image-979\" alt=\"\" srcset=\"https:\/\/albaicin-event.be\/wp-content\/uploads\/2023\/12\/Albaicin-Sport-1.jpg 2085w, https:\/\/albaicin-event.be\/wp-content\/uploads\/2023\/12\/Albaicin-Sport-1-300x200.jpg 300w, https:\/\/albaicin-event.be\/wp-content\/uploads\/2023\/12\/Albaicin-Sport-1-1024x683.jpg 1024w, https:\/\/albaicin-event.be\/wp-content\/uploads\/2023\/12\/Albaicin-Sport-1-768x512.jpg 768w, https:\/\/albaicin-event.be\/wp-content\/uploads\/2023\/12\/Albaicin-Sport-1-1536x1024.jpg 1536w, https:\/\/albaicin-event.be\/wp-content\/uploads\/2023\/12\/Albaicin-Sport-1-2048x1365.jpg 2048w\" sizes=\"(max-width: 2085px) 100vw, 2085px\" \/>\t\t\t\t\t\t\t\t\t\t\t\t\t<\/div>\n\t\t\t\t<\/div>\n\t\t\t\t<div class=\"elementor-element elementor-element-db3ce4d elementor-widget__width-initial elementor-widget elementor-widget-text-editor\" data-id=\"db3ce4d\" data-element_type=\"widget\" data-widget_type=\"text-editor.default\">\n\t\t\t\t<div class=\"elementor-widget-container\">\n\t\t\t\t\t\t\t<p>La propri\u00e9t\u00e9 se compose de deux villas pouvant accueillir jusqu&rsquo;\u00e0 23 personnes au total (lits suppl\u00e9mentaires disponibles sur demande). La Villa ALBAICIN dispose de 6 suites luxueuses pouvant accueillir jusqu&rsquo;\u00e0 15 personnes, tandis que la deuxi\u00e8me villa, LA GRANADA, est une superbe maison d&rsquo;h\u00f4tes de 4 chambres pouvant accueillir jusqu&rsquo;\u00e0 8 personnes.<\/p><p>\u00a0<\/p><p>Nous proposons \u00e9galement des services luxueux pour soutenir votre sant\u00e9. Chaque d\u00e9tail a \u00e9t\u00e9 soigneusement pens\u00e9 pour enrichir votre exp\u00e9rience dans cette magnifique r\u00e9sidence \u00e0 Marrakech. Sur demande, nous vous proposons une large gamme d&rsquo;\u00e9quipements de qualit\u00e9 qui enrichiront votre s\u00e9jour : piscines chauff\u00e9es avec deux grands jacuzzis pour 8 personnes, salle de cin\u00e9ma confortable, hammam, salles de massage et espaces priv\u00e9s. Un pool house avec bar ext\u00e9rieur, salle de fitness, putting green, terrain de p\u00e9tanque et autres jeux ext\u00e9rieurs compl\u00e8tent cet \u00e9quipement luxueux.<\/p>\t\t\t\t\t\t<\/div>\n\t\t\t\t<\/div>\n\t\t\t\t<\/div>\n\t\t<div class=\"elementor-element elementor-element-4ccbcc70 e-con-full e-flex e-con e-child\" data-id=\"4ccbcc70\" data-element_type=\"container\">\n\t\t\t\t<div class=\"elementor-element elementor-element-e90e229 elementor-widget elementor-widget-image\" data-id=\"e90e229\" data-element_type=\"widget\" data-widget_type=\"image.default\">\n\t\t\t\t<div class=\"elementor-widget-container\">\n\t\t\t\t\t\t\t\t\t\t\t\t\t<img decoding=\"async\" src=\"https:\/\/albaicin-event.be\/wp-content\/uploads\/2023\/12\/Albaicin-Terrasse-1.jpg\" title=\"\" alt=\"\" loading=\"lazy\" \/>\t\t\t\t\t\t\t\t\t\t\t\t\t<\/div>\n\t\t\t\t<\/div>\n\t\t\t\t<div class=\"elementor-element elementor-element-ecce798 elementor-hidden-mobile elementor-widget elementor-widget-image\" data-id=\"ecce798\" data-element_type=\"widget\" data-widget_type=\"image.default\">\n\t\t\t\t<div class=\"elementor-widget-container\">\n\t\t\t\t\t\t\t\t\t\t\t\t\t<img fetchpriority=\"high\" decoding=\"async\" width=\"2085\" height=\"1390\" src=\"https:\/\/albaicin-event.be\/wp-content\/uploads\/2023\/12\/Albaicin-Sport-1.jpg\" class=\"attachment-full size-full wp-image-979\" alt=\"\" srcset=\"https:\/\/albaicin-event.be\/wp-content\/uploads\/2023\/12\/Albaicin-Sport-1.jpg 2085w, https:\/\/albaicin-event.be\/wp-content\/uploads\/2023\/12\/Albaicin-Sport-1-300x200.jpg 300w, https:\/\/albaicin-event.be\/wp-content\/uploads\/2023\/12\/Albaicin-Sport-1-1024x683.jpg 1024w, https:\/\/albaicin-event.be\/wp-content\/uploads\/2023\/12\/Albaicin-Sport-1-768x512.jpg 768w, https:\/\/albaicin-event.be\/wp-content\/uploads\/2023\/12\/Albaicin-Sport-1-1536x1024.jpg 1536w, https:\/\/albaicin-event.be\/wp-content\/uploads\/2023\/12\/Albaicin-Sport-1-2048x1365.jpg 2048w\" sizes=\"(max-width: 2085px) 100vw, 2085px\" \/>\t\t\t\t\t\t\t\t\t\t\t\t\t<\/div>\n\t\t\t\t<\/div>\n\t\t\t\t<div class=\"elementor-element elementor-element-a51cb66 elementor-hidden-mobile elementor-hidden-desktop elementor-widget elementor-widget-image\" data-id=\"a51cb66\" data-element_type=\"widget\" data-widget_type=\"image.default\">\n\t\t\t\t<div class=\"elementor-widget-container\">\n\t\t\t\t\t\t\t\t\t\t\t\t\t<img decoding=\"async\" src=\"https:\/\/albaicin-event.be\/wp-content\/uploads\/2023\/12\/Albaicin-Terrasse-1.jpg\" title=\"\" alt=\"\" loading=\"lazy\" \/>\t\t\t\t\t\t\t\t\t\t\t\t\t<\/div>\n\t\t\t\t<\/div>\n\t\t\t\t<\/div>\n\t\t\t\t\t<\/div>\n\t\t\t\t<\/div>\n\t\t<div class=\"elementor-element elementor-element-197e5d3 e-con-full e-flex e-con e-parent\" data-id=\"197e5d3\" data-element_type=\"container\">\n\t\t\t\t<div class=\"elementor-element elementor-element-5335bd0 elementor-widget elementor-widget-heading\" data-id=\"5335bd0\" data-element_type=\"widget\" data-widget_type=\"heading.default\">\n\t\t\t\t<div class=\"elementor-widget-container\">\n\t\t\t<span class=\"elementor-heading-title elementor-size-medium\">L'\u00e9quipe permanente de L'ALBAICIN est  comp\u00e9tente, courtoise et soucieuse d'offrir un service efficace et discret. Notre \u00e9quipe passionn\u00e9e partage une vision commune ax\u00e9e sur le service, le luxe et le confort, qu'il s'agisse de privatiser un h\u00e9bergement ou de c\u00e9l\u00e9brer des occasions sp\u00e9ciales.<\/span>\t\t<\/div>\n\t\t\t\t<\/div>\n\t\t\t\t<\/div>\n\t\t<div class=\"elementor-element elementor-element-0f23bc0 e-flex e-con-boxed e-con e-parent\" data-id=\"0f23bc0\" data-element_type=\"container\">\n\t\t\t\t\t<div class=\"e-con-inner\">\n\t\t<div class=\"elementor-element elementor-element-b9185e2 e-con-full e-flex e-con e-child\" data-id=\"b9185e2\" data-element_type=\"container\">\n\t\t\t\t<div class=\"elementor-element elementor-element-6c562e7 elementor-widget__width-initial elementor-widget elementor-widget-text-editor\" data-id=\"6c562e7\" data-element_type=\"widget\" data-widget_type=\"text-editor.default\">\n\t\t\t\t<div class=\"elementor-widget-container\">\n\t\t\t\t\t\t\t<p><strong><u>Notre \u00e9quipe se compose :<\/u><\/strong><\/p><p>\u2022 \u00a0La directrice, reconnue pour sa qu\u00eate de la perfection, son sens de l&rsquo;organisation et son accueil chaleureux.<br \/>\u2022 Le majordome, sp\u00e9cialiste des cocktails cr\u00e9atifs, et le serveur, d\u00e9di\u00e9s \u00e0 fournir un service raffin\u00e9.<br \/>\u2022 L&rsquo;\u00e9quipe en cuisine, g\u00e9n\u00e9reuse et motiv\u00e9e, s&rsquo;engage \u00e0 vous ravir avec une cuisine traditionnelle revisit\u00e9.<br \/>\u2022 Les femmes de chambre, attentives aux moindres d\u00e9tails qui font toute la diff\u00e9rence.<br \/>\u2022 Le technicien de maintenance.<br \/>\u2022 Le responsable de la s\u00e9curit\u00e9.<\/p>\t\t\t\t\t\t<\/div>\n\t\t\t\t<\/div>\n\t\t\t\t<\/div>\n\t\t<div class=\"elementor-element elementor-element-2ea2633 e-con-full e-flex e-con e-child\" data-id=\"2ea2633\" data-element_type=\"container\">\n\t\t\t\t<div class=\"elementor-element elementor-element-325411f elementor-hidden-mobile elementor-widget elementor-widget-image\" data-id=\"325411f\" data-element_type=\"widget\" data-widget_type=\"image.default\">\n\t\t\t\t<div class=\"elementor-widget-container\">\n\t\t\t\t\t\t\t\t\t\t\t\t\t<img decoding=\"async\" width=\"1660\" height=\"1106\" src=\"https:\/\/albaicin-event.be\/wp-content\/uploads\/2023\/12\/parc-6-1.webp\" class=\"attachment-full size-full wp-image-1167\" alt=\"\" srcset=\"https:\/\/albaicin-event.be\/wp-content\/uploads\/2023\/12\/parc-6-1.webp 1660w, https:\/\/albaicin-event.be\/wp-content\/uploads\/2023\/12\/parc-6-1-300x200.webp 300w, https:\/\/albaicin-event.be\/wp-content\/uploads\/2023\/12\/parc-6-1-1024x682.webp 1024w, https:\/\/albaicin-event.be\/wp-content\/uploads\/2023\/12\/parc-6-1-768x512.webp 768w, https:\/\/albaicin-event.be\/wp-content\/uploads\/2023\/12\/parc-6-1-1536x1023.webp 1536w\" sizes=\"(max-width: 1660px) 100vw, 1660px\" \/>\t\t\t\t\t\t\t\t\t\t\t\t\t<\/div>\n\t\t\t\t<\/div>\n\t\t\t\t<\/div>\n\t\t\t\t\t<\/div>\n\t\t\t\t<\/div>\n\t\t<div class=\"elementor-element elementor-element-e05f105 e-flex e-con-boxed e-con e-parent\" data-id=\"e05f105\" data-element_type=\"container\">\n\t\t\t\t\t<div class=\"e-con-inner\">\n\t\t<div class=\"elementor-element elementor-element-1c1dcc6 e-con-full e-flex e-con e-child\" data-id=\"1c1dcc6\" data-element_type=\"container\">\n\t\t\t\t<div class=\"elementor-element elementor-element-ba22448 elementor-widget elementor-widget-text-editor\" data-id=\"ba22448\" data-element_type=\"widget\" data-widget_type=\"text-editor.default\">\n\t\t\t\t<div class=\"elementor-widget-container\">\n\t\t\t\t\t\t\t<p><strong>\u00a0<\/strong><\/p><p><strong><span style=\"text-decoration-line: underline;\">Nos prestations englobent :<\/span><\/strong><\/p><ul><li>Des services de conciergerie personnelle dirig\u00e9s par M. ICHRAK : des excursions, la planification d&rsquo;\u00e9v\u00e9nements festifs, la garde d&rsquo;enfants, des services de s\u00e9curit\u00e9, une protection personnelle, le fast track, des transferts a\u00e9roport, et bien plus encore.<\/li><li>La location de voiture avec ou sans chauffeur.<\/li><li>Une exp\u00e9rience spa et hammam orchestr\u00e9e par une \u00e9quipe qualifi\u00e9e, comprenant des coiffeurs et cosm\u00e9tologues experts au savoir-faire s\u00e9culaire.\u00a0<\/li><li>\u00a0La fourniture de boissons et de collations.\u00a0<\/li><li>\u00a0Des services h\u00f4teliers.<\/li><\/ul>\t\t\t\t\t\t<\/div>\n\t\t\t\t<\/div>\n\t\t\t\t<\/div>\n\t\t<div class=\"elementor-element elementor-element-def27ef e-con-full e-flex e-con e-child\" data-id=\"def27ef\" data-element_type=\"container\">\n\t\t\t\t<div class=\"elementor-element elementor-element-1e340cf elementor-widget elementor-widget-image\" data-id=\"1e340cf\" data-element_type=\"widget\" data-widget_type=\"image.default\">\n\t\t\t\t<div class=\"elementor-widget-container\">\n\t\t\t\t\t\t\t\t\t\t\t\t\t<img decoding=\"async\" width=\"2085\" height=\"1390\" src=\"https:\/\/albaicin-event.be\/wp-content\/uploads\/2023\/12\/Albaicin-Salleamanger-2-1.jpg\" class=\"attachment-full size-full wp-image-1124\" alt=\"\" srcset=\"https:\/\/albaicin-event.be\/wp-content\/uploads\/2023\/12\/Albaicin-Salleamanger-2-1.jpg 2085w, https:\/\/albaicin-event.be\/wp-content\/uploads\/2023\/12\/Albaicin-Salleamanger-2-1-300x200.jpg 300w, https:\/\/albaicin-event.be\/wp-content\/uploads\/2023\/12\/Albaicin-Salleamanger-2-1-1024x683.jpg 1024w, https:\/\/albaicin-event.be\/wp-content\/uploads\/2023\/12\/Albaicin-Salleamanger-2-1-768x512.jpg 768w, https:\/\/albaicin-event.be\/wp-content\/uploads\/2023\/12\/Albaicin-Salleamanger-2-1-1536x1024.jpg 1536w, https:\/\/albaicin-event.be\/wp-content\/uploads\/2023\/12\/Albaicin-Salleamanger-2-1-2048x1365.jpg 2048w\" sizes=\"(max-width: 2085px) 100vw, 2085px\" \/>\t\t\t\t\t\t\t\t\t\t\t\t\t<\/div>\n\t\t\t\t<\/div>\n\t\t\t\t<\/div>\n\t\t\t\t\t<\/div>\n\t\t\t\t<\/div>\n\t\t<div class=\"elementor-element elementor-element-27027e7 e-flex e-con-boxed e-con e-parent\" data-id=\"27027e7\" data-element_type=\"container\">\n\t\t\t\t\t<div class=\"e-con-inner\">\n\t\t<div class=\"elementor-element elementor-element-07c8a1d e-con-full e-flex e-con e-child\" data-id=\"07c8a1d\" data-element_type=\"container\">\n\t\t\t\t<div class=\"elementor-element elementor-element-f12383a elementor-widget__width-initial elementor-widget elementor-widget-text-editor\" data-id=\"f12383a\" data-element_type=\"widget\" data-widget_type=\"text-editor.default\">\n\t\t\t\t<div class=\"elementor-widget-container\">\n\t\t\t\t\t\t\t<p><span style=\"text-decoration: underline;\"><strong>Gr\u00e2ce \u00e0 votre exp\u00e9rience culinaire, vous :<\/strong><\/span><\/p><ul><li><em>\u00a0<\/em>D\u00e9gustez une cuisine marocaine, asiatique, internationale ou casher r\u00e9interpr\u00e9t\u00e9e par nos chefs \u00e0 partir d&rsquo;ingr\u00e9dients frais et de saison.<\/li><li>G\u00e9n\u00e9rosit\u00e9, qualit\u00e9, cr\u00e9ativit\u00e9, convivialit\u00e9 et passion caract\u00e9risent cette d\u00e9licieuse cuisine.<\/li><li>Les d\u00e9corations de table et le service sont soigneusement planifi\u00e9s.<\/li><li>Nous accordons une attention particuli\u00e8re aux r\u00e9gimes alimentaires particuliers, aux allergies et aux pr\u00e9f\u00e9rences v\u00e9g\u00e9tariennes ou v\u00e9g\u00e9taliennes.<\/li><\/ul>\t\t\t\t\t\t<\/div>\n\t\t\t\t<\/div>\n\t\t\t\t<\/div>\n\t\t<div class=\"elementor-element elementor-element-bf60a09 e-con-full e-flex e-con e-child\" data-id=\"bf60a09\" data-element_type=\"container\">\n\t\t\t\t<div class=\"elementor-element elementor-element-6fa1aa4 elementor-hidden-mobile elementor-widget elementor-widget-image\" data-id=\"6fa1aa4\" data-element_type=\"widget\" data-widget_type=\"image.default\">\n\t\t\t\t<div class=\"elementor-widget-container\">\n\t\t\t\t\t\t\t\t\t\t\t\t\t<img loading=\"lazy\" decoding=\"async\" width=\"1680\" height=\"1200\" src=\"https:\/\/albaicin-event.be\/wp-content\/uploads\/2023\/12\/Chef-de-cuisine-1.jpg\" class=\"attachment-full size-full wp-image-1338\" alt=\"\" srcset=\"https:\/\/albaicin-event.be\/wp-content\/uploads\/2023\/12\/Chef-de-cuisine-1.jpg 1680w, https:\/\/albaicin-event.be\/wp-content\/uploads\/2023\/12\/Chef-de-cuisine-1-300x214.jpg 300w, https:\/\/albaicin-event.be\/wp-content\/uploads\/2023\/12\/Chef-de-cuisine-1-1024x731.jpg 1024w, https:\/\/albaicin-event.be\/wp-content\/uploads\/2023\/12\/Chef-de-cuisine-1-768x549.jpg 768w, https:\/\/albaicin-event.be\/wp-content\/uploads\/2023\/12\/Chef-de-cuisine-1-1536x1097.jpg 1536w\" sizes=\"(max-width: 1680px) 100vw, 1680px\" \/>\t\t\t\t\t\t\t\t\t\t\t\t\t<\/div>\n\t\t\t\t<\/div>\n\t\t\t\t<\/div>\n\t\t\t\t\t<\/div>\n\t\t\t\t<\/div>\n\t\t<div class=\"elementor-element elementor-element-0a320b3 e-flex e-con-boxed e-con e-parent\" data-id=\"0a320b3\" data-element_type=\"container\">\n\t\t\t\t\t<div class=\"e-con-inner\">\n\t\t\t\t<div class=\"elementor-element elementor-element-507fa94 elementor-widget elementor-widget-text-editor\" data-id=\"507fa94\" data-element_type=\"widget\" data-widget_type=\"text-editor.default\">\n\t\t\t\t<div class=\"elementor-widget-container\">\n\t\t\t\t\t\t\t<p><em><strong>L&rsquo;\u00e9quipe permanente de L&rsquo;ALBAICIN est comp\u00e9tente, courtoise et pr\u00eate \u00e0 vous offrir un service efficace et discret. Notre \u00e9quipe passionn\u00e9e partage une vision commune ax\u00e9e sur le service, le luxe et le confort, qu&rsquo;il s&rsquo;agisse de privatiser un logement ou de c\u00e9l\u00e9brer des occasions sp\u00e9ciales.<\/strong><\/em><\/p>\t\t\t\t\t\t<\/div>\n\t\t\t\t<\/div>\n\t\t\t\t\t<\/div>\n\t\t\t\t<\/div>\n\t\t\t\t<\/div>","protected":false},"excerpt":{"rendered":"<p>Alba\u00efcin\u2026 La villa de luxe de Marrakech ! Cette villa de luxe arabo-andalouse sophistiqu\u00e9e \u00e0 Marrakech offre un acc\u00e8s exclusif \u00e0 des vues imprenables sur l&rsquo;Atlas. A seulement 20 minutes du centre de Marrakech, cet h\u00f4tel de luxe est situ\u00e9 au c\u0153ur d&rsquo;une oasis de verdure, \u00e0 l&rsquo;\u00e9cart de l&rsquo;agitation de la ville. La combinaison [&hellip;]<\/p>","protected":false},"author":1,"featured_media":0,"parent":0,"menu_order":0,"comment_status":"closed","ping_status":"closed","template":"","meta":{"_uag_custom_page_level_css":"","site-sidebar-layout":"no-sidebar","site-content-layout":"page-builder","ast-site-content-layout":"full-width-container","site-content-style":"default","site-sidebar-style":"default","ast-global-header-display":"","ast-banner-title-visibility":"","ast-main-header-display":"","ast-hfb-above-header-display":"","ast-hfb-below-header-display":"","ast-hfb-mobile-header-display":"","site-post-title":"disabled","ast-breadcrumbs-content":"","ast-featured-img":"disabled","footer-sml-layout":"","theme-transparent-header-meta":"","adv-header-id-meta":"","stick-header-meta":"","header-above-stick-meta":"","header-main-stick-meta":"","header-below-stick-meta":"","astra-migrate-meta-layouts":"set","ast-page-background-enabled":"default","ast-page-background-meta":{"desktop":{"background-color":"","background-image":"","background-repeat":"repeat","background-position":"center center","background-size":"auto","background-attachment":"scroll","background-type":"","background-media":"","overlay-type":"","overlay-color":"","overlay-opacity":"","overlay-gradient":""},"tablet":{"background-color":"","background-image":"","background-repeat":"repeat","background-position":"center center","background-size":"auto","background-attachment":"scroll","background-type":"","background-media":"","overlay-type":"","overlay-color":"","overlay-opacity":"","overlay-gradient":""},"mobile":{"background-color":"","background-image":"","background-repeat":"repeat","background-position":"center center","background-size":"auto","background-attachment":"scroll","background-type":"","background-media":"","overlay-type":"","overlay-color":"","overlay-opacity":"","overlay-gradient":""}},"ast-content-background-meta":{"desktop":{"background-color":"var(--ast-global-color-5)","background-image":"","background-repeat":"repeat","background-position":"center center","background-size":"auto","background-attachment":"scroll","background-type":"","background-media":"","overlay-type":"","overlay-color":"","overlay-opacity":"","overlay-gradient":""},"tablet":{"background-color":"var(--ast-global-color-5)","background-image":"","background-repeat":"repeat","background-position":"center center","background-size":"auto","background-attachment":"scroll","background-type":"","background-media":"","overlay-type":"","overlay-color":"","overlay-opacity":"","overlay-gradient":""},"mobile":{"background-color":"var(--ast-global-color-5)","background-image":"","background-repeat":"repeat","background-position":"center center","background-size":"auto","background-attachment":"scroll","background-type":"","background-media":"","overlay-type":"","overlay-color":"","overlay-opacity":"","overlay-gradient":""}},"_joinchat":[],"footnotes":""},"class_list":["post-863","page","type-page","status-publish","hentry"],"uagb_featured_image_src":{"full":false,"thumbnail":false,"medium":false,"medium_large":false,"large":false,"1536x1536":false,"2048x2048":false,"trp-custom-language-flag":false,"htmega_size_585x295":false,"htmega_size_1170x536":false,"htmega_size_396x360":false},"uagb_author_info":{"display_name":"admin","author_link":"https:\/\/albaicin-event.be\/nl\/author\/admin\/"},"uagb_comment_info":0,"uagb_excerpt":"Alba\u00efcin\u2026 La villa de luxe de Marrakech ! Cette villa de luxe arabo-andalouse sophistiqu\u00e9e \u00e0 Marrakech offre un acc\u00e8s exclusif \u00e0 des vues imprenables sur l&rsquo;Atlas. A seulement 20 minutes du centre de Marrakech, cet h\u00f4tel de luxe est situ\u00e9 au c\u0153ur d&rsquo;une oasis de verdure, \u00e0 l&rsquo;\u00e9cart de l&rsquo;agitation de la ville. La combinaison&hellip;","_links":{"self":[{"href":"https:\/\/albaicin-event.be\/nl\/wp-json\/wp\/v2\/pages\/863","targetHints":{"allow":["GET"]}}],"collection":[{"href":"https:\/\/albaicin-event.be\/nl\/wp-json\/wp\/v2\/pages"}],"about":[{"href":"https:\/\/albaicin-event.be\/nl\/wp-json\/wp\/v2\/types\/page"}],"author":[{"embeddable":true,"href":"https:\/\/albaicin-event.be\/nl\/wp-json\/wp\/v2\/users\/1"}],"replies":[{"embeddable":true,"href":"https:\/\/albaicin-event.be\/nl\/wp-json\/wp\/v2\/comments?post=863"}],"version-history":[{"count":0,"href":"https:\/\/albaicin-event.be\/nl\/wp-json\/wp\/v2\/pages\/863\/revisions"}],"wp:attachment":[{"href":"https:\/\/albaicin-event.be\/nl\/wp-json\/wp\/v2\/media?parent=863"}],"curies":[{"name":"wp","href":"https:\/\/api.w.org\/{rel}","templated":true}]}}