{"id":1040,"date":"2023-12-14T09:12:45","date_gmt":"2023-12-14T09:12:45","guid":{"rendered":"https:\/\/test.majorelreizen.nl\/?page_id=1040"},"modified":"2025-04-14T12:10:03","modified_gmt":"2025-04-14T12:10:03","slug":"location-evenementielle-belgique","status":"publish","type":"page","link":"https:\/\/albaicin-event.be\/nl\/location-evenementielle-belgique\/","title":{"rendered":"Verhuur van evenementen"},"content":{"rendered":"<div data-elementor-type=\"wp-page\" data-elementor-id=\"1040\" class=\"elementor elementor-1040\" data-elementor-post-type=\"page\">\n\t\t\t\t<div class=\"elementor-element elementor-element-be5684b e-flex e-con-boxed e-con e-parent\" data-id=\"be5684b\" data-element_type=\"container\">\n\t\t\t\t\t<div class=\"e-con-inner\">\n\t\t\t\t<div class=\"elementor-element elementor-element-b0269ea elementor-widget elementor-widget-heading\" data-id=\"b0269ea\" data-element_type=\"widget\" data-widget_type=\"heading.default\">\n\t\t\t\t<div class=\"elementor-widget-container\">\n\t\t\t<h1 class=\"elementor-heading-title elementor-size-default\"><u>Verhuur van evenementen<\/u><\/h1>\t\t<\/div>\n\t\t\t\t<\/div>\n\t\t\t\t\t<\/div>\n\t\t\t\t<\/div>\n\t\t<div class=\"elementor-element elementor-element-24a6bcd9 e-flex e-con-boxed e-con e-parent\" data-id=\"24a6bcd9\" data-element_type=\"container\">\n\t\t\t\t\t<div class=\"e-con-inner\">\n\t\t\t\t<div class=\"elementor-element elementor-element-2467e581 elementor-widget elementor-widget-text-editor\" data-id=\"2467e581\" data-element_type=\"widget\" data-widget_type=\"text-editor.default\">\n\t\t\t\t<div class=\"elementor-widget-container\">\n\t\t\t\t\t\t\t<div class=\"flex-1 overflow-hidden\"><div class=\"react-scroll-to-bottom--css-oscdy-79elbk h-full\"><div class=\"react-scroll-to-bottom--css-oscdy-1n7m0yu\"><div class=\"flex flex-col pb-9 text-sm\"><div class=\"w-full text-token-text-primary\" data-testid=\"conversation-turn-5\"><div class=\"px-4 py-2 justify-center text-base md:gap-6 m-auto\"><div class=\"flex flex-1 text-base mx-auto gap-3 md:px-5 lg:px-1 xl:px-5 md:max-w-3xl lg:max-w-[40rem] xl:max-w-[48rem] group final-completion\"><div class=\"relative flex w-full flex-col lg:w-[calc(100%-115px)] agent-turn\"><div class=\"flex-col gap-1 md:gap-3\"><div class=\"flex flex-grow flex-col max-w-full\"><div class=\"min-h-[20px] text-message flex flex-col items-start gap-3 whitespace-pre-wrap break-words [.text-message+&amp;]:mt-5 overflow-x-auto\" data-message-author-role=\"assistant\" data-message-id=\"8e190303-e8f8-4cc2-8ecb-fb4bec439f30\"><div class=\"markdown prose w-full break-words dark:prose-invert dark\"><p>La privatisation comprend l&rsquo;acc\u00e8s exclusif au salon, salle \u00e0 manger, terrasse couverte, piscine, pool house avec bar, coin canap\u00e9 et sanitaires, ainsi que l&rsquo;utilisation de la pelouse et du parc arbor\u00e9 la nuit.<\/p><\/div><\/div><\/div><\/div><\/div><\/div><\/div><\/div><\/div><\/div><\/div><\/div>\t\t\t\t\t\t<\/div>\n\t\t\t\t<\/div>\n\t\t\t\t\t<\/div>\n\t\t\t\t<\/div>\n\t\t<div class=\"elementor-element elementor-element-4b859d77 elementor-hidden-mobile e-flex e-con-boxed e-con e-parent\" data-id=\"4b859d77\" data-element_type=\"container\">\n\t\t\t\t\t<div class=\"e-con-inner\">\n\t\t\t\t<div class=\"elementor-element elementor-element-56f48fc1 elementor-widget elementor-widget-htmega-datatable-addons\" data-id=\"56f48fc1\" data-element_type=\"widget\" data-widget_type=\"htmega-datatable-addons.default\">\n\t\t\t\t<div class=\"elementor-widget-container\">\n\t\t\t        <div class=\"htmega-table-style htmega-table-style-1 htb-table-responsive\">\n            <table class=\"htb-table\">\n                                    <thead>\n                        <tr>\n                            <th class='elementor-repeater-item-43451e4'><\/th><th class='elementor-repeater-item-e86f0f4'>Jusqu\u2019\u00e0 150 invit\u00e9s<\/th><th class='elementor-repeater-item-2dddf6d'>Invit\u00e9 suppl\u00e9mentaire\t<\/th>                        <\/tr>\n                    <\/thead>\n                                <tbody>\n                                            <tr>\n                            <td class=\"elementor-repeater-item-93f5bca\" >Hors P\u00e2ques \/ No\u00ebl \/ Nouvel An<\/td><td class=\"elementor-repeater-item-e5677de\" >4300\u20ac<\/td><td class=\"elementor-repeater-item-320b5b8\" >18\u20ac \/invit\u00e9<\/td>                        <\/tr>\n                                    <\/tbody>\n            <\/table>\n        <\/div>\n        \t\t<\/div>\n\t\t\t\t<\/div>\n\t\t\t\t<div class=\"elementor-element elementor-element-523dcaf elementor-widget-divider--view-line elementor-widget elementor-widget-divider\" data-id=\"523dcaf\" data-element_type=\"widget\" data-widget_type=\"divider.default\">\n\t\t\t\t<div class=\"elementor-widget-container\">\n\t\t\t\t\t<div class=\"elementor-divider\">\n\t\t\t<span class=\"elementor-divider-separator\">\n\t\t\t\t\t\t<\/span>\n\t\t<\/div>\n\t\t\t\t<\/div>\n\t\t\t\t<\/div>\n\t\t\t\t<div class=\"elementor-element elementor-element-8d83061 elementor-widget elementor-widget-text-editor\" data-id=\"8d83061\" data-element_type=\"widget\" data-widget_type=\"text-editor.default\">\n\t\t\t\t<div class=\"elementor-widget-container\">\n\t\t\t\t\t\t\t<p>* Pour louer la Villa L`ALBAICIN, un s\u00e9jour minimum de 3 nuits est requis. La villa dispose de 6 suites pouvant accueillir jusqu&rsquo;\u00e0 15 personnes.<br>** En option : Les locations de maison Villa LA GRANADA permettent un s\u00e9jour minimum de 3 nuits. La villa dispose de 4 chambres et d&rsquo;un salon.<\/p>\t\t\t\t\t\t<\/div>\n\t\t\t\t<\/div>\n\t\t\t\t\t<\/div>\n\t\t\t\t<\/div>\n\t\t<div class=\"elementor-element elementor-element-787158a4 elementor-hidden-desktop e-flex e-con-boxed e-con e-parent\" data-id=\"787158a4\" data-element_type=\"container\">\n\t\t\t\t\t<div class=\"e-con-inner\">\n\t\t\t\t<div class=\"elementor-element elementor-element-73c214bd elementor-widget elementor-widget-htmega-datatable-addons\" data-id=\"73c214bd\" data-element_type=\"widget\" data-widget_type=\"htmega-datatable-addons.default\">\n\t\t\t\t<div class=\"elementor-widget-container\">\n\t\t\t        <div class=\"htmega-table-style htmega-table-style-1 htb-table-responsive\">\n            <table class=\"htb-table\">\n                                <tbody>\n                                            <tr>\n                            <td class=\"elementor-repeater-item-e6bfea8\" >Jusqu\u2019\u00e0 150 invit\u00e9s<\/td><td class=\"elementor-repeater-item-e7d0662\" >4300\u20ac<\/td>                        <\/tr>\n                                            <tr>\n                            <td class=\"elementor-repeater-item-67cbfa3\" >Invit\u00e9 suppl\u00e9mentaire<\/td><td class=\"elementor-repeater-item-10d5dc9\" >18\u20ac \/invit\u00e9<\/td>                        <\/tr>\n                                            <tr>\n                            <td class=\"elementor-repeater-item-265d29f\" >Location ALBAICIN *<\/td><td class=\"elementor-repeater-item-f588103\" >2495\u20ac \/nuit<\/td>                        <\/tr>\n                                            <tr>\n                            <td class=\"elementor-repeater-item-5d31e8e\" >Location GRANADA **<\/td><td class=\"elementor-repeater-item-f98aa0d\" >1030\u20ac \/nuit<\/td>                        <\/tr>\n                                            <tr>\n                                                    <\/tr>\n                                    <\/tbody>\n            <\/table>\n        <\/div>\n        \t\t<\/div>\n\t\t\t\t<\/div>\n\t\t\t\t<div class=\"elementor-element elementor-element-d993a04 elementor-widget-mobile__width-initial elementor-widget elementor-widget-text-editor\" data-id=\"d993a04\" data-element_type=\"widget\" data-widget_type=\"text-editor.default\">\n\t\t\t\t<div class=\"elementor-widget-container\">\n\t\t\t\t\t\t\t<p>* Location r\u00e9sidentielle de 3 nuits minimum de la villa L\u2019ALBAICIN (6 suites, maximum 15 personnes)<br \/>** En option : Location r\u00e9sidentielle de la villa LA GRANADA (4 chambres et un salon, maximum 10 personnes)<\/p>\t\t\t\t\t\t<\/div>\n\t\t\t\t<\/div>\n\t\t\t\t\t<\/div>\n\t\t\t\t<\/div>\n\t\t<div class=\"elementor-element elementor-element-7b4782de e-flex e-con-boxed e-con e-parent\" data-id=\"7b4782de\" data-element_type=\"container\">\n\t\t\t\t\t<div class=\"e-con-inner\">\n\t\t\t\t<div class=\"elementor-element elementor-element-2180fe81 elementor-widget elementor-widget-heading\" data-id=\"2180fe81\" data-element_type=\"widget\" data-widget_type=\"heading.default\">\n\t\t\t\t<div class=\"elementor-widget-container\">\n\t\t\t<h2 class=\"elementor-heading-title elementor-size-default\"><u>Formulaire de r\u00e9servationa<\/u><\/h2>\t\t<\/div>\n\t\t\t\t<\/div>\n\t\t\t\t<div class=\"elementor-element elementor-element-29f9cac elementor-widget elementor-widget-text-editor\" data-id=\"29f9cac\" data-element_type=\"widget\" data-widget_type=\"text-editor.default\">\n\t\t\t\t<div class=\"elementor-widget-container\">\n\t\t\t\t\t\t\t<p>Nous nous ferons un plaisir de traiter votre demande de r\u00e9servation dans les meilleurs d\u00e9lais !<\/p>\t\t\t\t\t\t<\/div>\n\t\t\t\t<\/div>\n\t\t\t\t<div class=\"elementor-element elementor-element-201be7a6 elementor-button-align-center elementor-widget__width-initial elementor-widget elementor-widget-form\" data-id=\"201be7a6\" data-element_type=\"widget\" data-settings=\"{&quot;step_next_label&quot;:&quot;Next&quot;,&quot;step_previous_label&quot;:&quot;Previous&quot;,&quot;button_width&quot;:&quot;100&quot;,&quot;step_type&quot;:&quot;number_text&quot;,&quot;step_icon_shape&quot;:&quot;circle&quot;}\" data-widget_type=\"form.default\">\n\t\t\t\t<div class=\"elementor-widget-container\">\n\t\t\t\t\t<form class=\"elementor-form\" method=\"post\" name=\"New Form\" action=\"\">\n\t\t\t<input type=\"hidden\" name=\"post_id\" value=\"1040\"\/>\n\t\t\t<input type=\"hidden\" name=\"form_id\" value=\"201be7a6\"\/>\n\t\t\t<input type=\"hidden\" name=\"referer_title\" value=\"\" \/>\n\n\t\t\t\n\t\t\t<div class=\"elementor-form-fields-wrapper elementor-labels-above\">\n\t\t\t\t\t\t\t\t<div class=\"elementor-field-type-text elementor-field-group elementor-column elementor-field-group-name elementor-col-50 elementor-sm-100\">\n\t\t\t\t\t\t\t\t\t\t\t\t<label for=\"form-field-name\" class=\"elementor-field-label\">\n\t\t\t\t\t\t\t\tNOM\t\t\t\t\t\t\t<\/label>\n\t\t\t\t\t\t\t\t\t\t\t\t\t\t<input size=\"1\" type=\"text\" name=\"form_fields[name]\" id=\"form-field-name\" class=\"elementor-field elementor-size-md  elementor-field-textual\">\n\t\t\t\t\t\t\t\t\t\t\t<\/div>\n\t\t\t\t\t\t\t\t<div class=\"elementor-field-type-text elementor-field-group elementor-column elementor-field-group-field_19c787f elementor-col-50\">\n\t\t\t\t\t\t\t\t\t\t\t\t<label for=\"form-field-field_19c787f\" class=\"elementor-field-label\">\n\t\t\t\t\t\t\t\tPR\u00c9NOM\t\t\t\t\t\t\t<\/label>\n\t\t\t\t\t\t\t\t\t\t\t\t\t\t<input size=\"1\" type=\"text\" name=\"form_fields[field_19c787f]\" id=\"form-field-field_19c787f\" class=\"elementor-field elementor-size-md  elementor-field-textual\">\n\t\t\t\t\t\t\t\t\t\t\t<\/div>\n\t\t\t\t\t\t\t\t<div class=\"elementor-field-type-tel elementor-field-group elementor-column elementor-field-group-field_d2d41d0 elementor-col-50\">\n\t\t\t\t\t\t\t\t\t\t\t\t<label for=\"form-field-field_d2d41d0\" class=\"elementor-field-label\">\n\t\t\t\t\t\t\t\tT\u00c9L\u00c9PHONE\t\t\t\t\t\t\t<\/label>\n\t\t\t\t\t\t\t\t<input size=\"1\" type=\"tel\" name=\"form_fields[field_d2d41d0]\" id=\"form-field-field_d2d41d0\" class=\"elementor-field elementor-size-md  elementor-field-textual\" pattern=\"[0-9()#&amp;+*-=.]+\" title=\"Only numbers and phone characters (#, -, *, etc) are accepted.\">\n\n\t\t\t\t\t\t<\/div>\n\t\t\t\t\t\t\t\t<div class=\"elementor-field-type-email elementor-field-group elementor-column elementor-field-group-email elementor-col-50 elementor-field-required\">\n\t\t\t\t\t\t\t\t\t\t\t\t<label for=\"form-field-email\" class=\"elementor-field-label\">\n\t\t\t\t\t\t\t\tEMAIL\t\t\t\t\t\t\t<\/label>\n\t\t\t\t\t\t\t\t\t\t\t\t\t\t<input size=\"1\" type=\"email\" name=\"form_fields[email]\" id=\"form-field-email\" class=\"elementor-field elementor-size-md  elementor-field-textual\" placeholder=\"Email\" required=\"required\" aria-required=\"true\">\n\t\t\t\t\t\t\t\t\t\t\t<\/div>\n\t\t\t\t\t\t\t\t<div class=\"elementor-field-type-number elementor-field-group elementor-column elementor-field-group-field_c00b881 elementor-col-50 elementor-field-required\">\n\t\t\t\t\t\t\t\t\t\t\t\t<label for=\"form-field-field_c00b881\" class=\"elementor-field-label\">\n\t\t\t\t\t\t\t\tADULTES\t\t\t\t\t\t\t<\/label>\n\t\t\t\t\t\t\t\t\t<input type=\"number\" name=\"form_fields[field_c00b881]\" id=\"form-field-field_c00b881\" class=\"elementor-field elementor-size-md  elementor-field-textual\" placeholder=\"1\" required=\"required\" aria-required=\"true\" min=\"0\" max=\"\" >\n\t\t\t\t\t\t<\/div>\n\t\t\t\t\t\t\t\t<div class=\"elementor-field-type-number elementor-field-group elementor-column elementor-field-group-field_9eb0fd1 elementor-col-50 elementor-field-required\">\n\t\t\t\t\t\t\t\t\t\t\t\t<label for=\"form-field-field_9eb0fd1\" class=\"elementor-field-label\">\n\t\t\t\t\t\t\t\tENFANT -12\t\t\t\t\t\t\t<\/label>\n\t\t\t\t\t\t\t\t\t<input type=\"number\" name=\"form_fields[field_9eb0fd1]\" id=\"form-field-field_9eb0fd1\" class=\"elementor-field elementor-size-md  elementor-field-textual\" placeholder=\"0\" required=\"required\" aria-required=\"true\" min=\"0\" max=\"\" >\n\t\t\t\t\t\t<\/div>\n\t\t\t\t\t\t\t\t<div class=\"elementor-field-type-date elementor-field-group elementor-column elementor-field-group-message elementor-col-50\">\n\t\t\t\t\t\t\t\t\t\t\t\t<label for=\"form-field-message\" class=\"elementor-field-label\">\n\t\t\t\t\t\t\t\tCHECK-IN\t\t\t\t\t\t\t<\/label>\n\t\t\t\t\t\t\n\t\t<input type=\"date\" name=\"form_fields[message]\" id=\"form-field-message\" class=\"elementor-field elementor-size-md  elementor-field-textual elementor-date-field elementor-use-native\" pattern=\"[0-9]{4}-[0-9]{2}-[0-9]{2}\">\n\t\t\t\t\t\t<\/div>\n\t\t\t\t\t\t\t\t<div class=\"elementor-field-type-date elementor-field-group elementor-column elementor-field-group-field_2bfc0ee elementor-col-50\">\n\t\t\t\t\t\t\t\t\t\t\t\t<label for=\"form-field-field_2bfc0ee\" class=\"elementor-field-label\">\n\t\t\t\t\t\t\t\tCHECK-OUT\t\t\t\t\t\t\t<\/label>\n\t\t\t\t\t\t\n\t\t<input type=\"date\" name=\"form_fields[field_2bfc0ee]\" id=\"form-field-field_2bfc0ee\" class=\"elementor-field elementor-size-md  elementor-field-textual elementor-date-field elementor-use-native\" pattern=\"[0-9]{4}-[0-9]{2}-[0-9]{2}\">\n\t\t\t\t\t\t<\/div>\n\t\t\t\t\t\t\t\t<div class=\"elementor-field-type-textarea elementor-field-group elementor-column elementor-field-group-field_cde18af elementor-col-100\">\n\t\t\t\t\t\t\t\t\t\t\t\t<label for=\"form-field-field_cde18af\" class=\"elementor-field-label\">\n\t\t\t\t\t\t\t\tMESSAGE\t\t\t\t\t\t\t<\/label>\n\t\t\t\t\t\t<textarea class=\"elementor-field-textual elementor-field  elementor-size-md\" name=\"form_fields[field_cde18af]\" id=\"form-field-field_cde18af\" rows=\"4\"><\/textarea>\t\t\t\t<\/div>\n\t\t\t\t\t\t\t\t<div class=\"elementor-field-group elementor-column elementor-field-type-submit elementor-col-100 e-form__buttons\">\n\t\t\t\t\t<button class=\"elementor-button elementor-size-sm\" type=\"submit\">\n\t\t\t\t\t\t<span class=\"elementor-button-content-wrapper\">\n\t\t\t\t\t\t\t\t\t\t\t\t\t\t\t\t\t\t\t\t\t\t<span class=\"elementor-button-text\">Versturen<\/span>\n\t\t\t\t\t\t\t\t\t\t\t\t\t<\/span>\n\t\t\t\t\t<\/button>\n\t\t\t\t<\/div>\n\t\t\t<\/div>\n\t\t<input type=\"hidden\" name=\"trp-form-language\" value=\"nl\"\/><\/form>\n\t\t\t\t<\/div>\n\t\t\t\t<\/div>\n\t\t\t\t\t<\/div>\n\t\t\t\t<\/div>\n\t\t\t\t<\/div>","protected":false},"excerpt":{"rendered":"<p>Location \u00c9v\u00e9nementielle La privatisation comprend l&rsquo;acc\u00e8s exclusif au salon, salle \u00e0 manger, terrasse couverte, piscine, pool house avec bar, coin canap\u00e9 et sanitaires, ainsi que l&rsquo;utilisation de la pelouse et du parc arbor\u00e9 la nuit. Jusqu\u2019\u00e0 150 invit\u00e9s Invit\u00e9 suppl\u00e9mentaire Hors P\u00e2ques \/ No\u00ebl \/ Nouvel An 4300\u20ac 18\u20ac \/invit\u00e9 * Pour louer la Villa [&hellip;]<\/p>","protected":false},"author":1,"featured_media":0,"parent":0,"menu_order":0,"comment_status":"closed","ping_status":"closed","template":"","meta":{"_uag_custom_page_level_css":"","site-sidebar-layout":"no-sidebar","site-content-layout":"page-builder","ast-site-content-layout":"full-width-container","site-content-style":"default","site-sidebar-style":"default","ast-global-header-display":"","ast-banner-title-visibility":"","ast-main-header-display":"","ast-hfb-above-header-display":"","ast-hfb-below-header-display":"","ast-hfb-mobile-header-display":"","site-post-title":"disabled","ast-breadcrumbs-content":"","ast-featured-img":"disabled","footer-sml-layout":"","theme-transparent-header-meta":"","adv-header-id-meta":"","stick-header-meta":"","header-above-stick-meta":"","header-main-stick-meta":"","header-below-stick-meta":"","astra-migrate-meta-layouts":"set","ast-page-background-enabled":"default","ast-page-background-meta":{"desktop":{"background-color":"","background-image":"","background-repeat":"repeat","background-position":"center center","background-size":"auto","background-attachment":"scroll","background-type":"","background-media":"","overlay-type":"","overlay-color":"","overlay-opacity":"","overlay-gradient":""},"tablet":{"background-color":"","background-image":"","background-repeat":"repeat","background-position":"center center","background-size":"auto","background-attachment":"scroll","background-type":"","background-media":"","overlay-type":"","overlay-color":"","overlay-opacity":"","overlay-gradient":""},"mobile":{"background-color":"","background-image":"","background-repeat":"repeat","background-position":"center center","background-size":"auto","background-attachment":"scroll","background-type":"","background-media":"","overlay-type":"","overlay-color":"","overlay-opacity":"","overlay-gradient":""}},"ast-content-background-meta":{"desktop":{"background-color":"var(--ast-global-color-5)","background-image":"","background-repeat":"repeat","background-position":"center center","background-size":"auto","background-attachment":"scroll","background-type":"","background-media":"","overlay-type":"","overlay-color":"","overlay-opacity":"","overlay-gradient":""},"tablet":{"background-color":"var(--ast-global-color-5)","background-image":"","background-repeat":"repeat","background-position":"center center","background-size":"auto","background-attachment":"scroll","background-type":"","background-media":"","overlay-type":"","overlay-color":"","overlay-opacity":"","overlay-gradient":""},"mobile":{"background-color":"var(--ast-global-color-5)","background-image":"","background-repeat":"repeat","background-position":"center center","background-size":"auto","background-attachment":"scroll","background-type":"","background-media":"","overlay-type":"","overlay-color":"","overlay-opacity":"","overlay-gradient":""}},"_joinchat":[],"footnotes":""},"class_list":["post-1040","page","type-page","status-publish","hentry"],"uagb_featured_image_src":{"full":false,"thumbnail":false,"medium":false,"medium_large":false,"large":false,"1536x1536":false,"2048x2048":false,"trp-custom-language-flag":false,"htmega_size_585x295":false,"htmega_size_1170x536":false,"htmega_size_396x360":false},"uagb_author_info":{"display_name":"admin","author_link":"https:\/\/albaicin-event.be\/nl\/author\/admin\/"},"uagb_comment_info":0,"uagb_excerpt":"Location \u00c9v\u00e9nementielle La privatisation comprend l&rsquo;acc\u00e8s exclusif au salon, salle \u00e0 manger, terrasse couverte, piscine, pool house avec bar, coin canap\u00e9 et sanitaires, ainsi que l&rsquo;utilisation de la pelouse et du parc arbor\u00e9 la nuit. Jusqu\u2019\u00e0 150 invit\u00e9s Invit\u00e9 suppl\u00e9mentaire Hors P\u00e2ques \/ No\u00ebl \/ Nouvel An 4300\u20ac 18\u20ac \/invit\u00e9 * Pour louer la Villa&hellip;","_links":{"self":[{"href":"https:\/\/albaicin-event.be\/nl\/wp-json\/wp\/v2\/pages\/1040","targetHints":{"allow":["GET"]}}],"collection":[{"href":"https:\/\/albaicin-event.be\/nl\/wp-json\/wp\/v2\/pages"}],"about":[{"href":"https:\/\/albaicin-event.be\/nl\/wp-json\/wp\/v2\/types\/page"}],"author":[{"embeddable":true,"href":"https:\/\/albaicin-event.be\/nl\/wp-json\/wp\/v2\/users\/1"}],"replies":[{"embeddable":true,"href":"https:\/\/albaicin-event.be\/nl\/wp-json\/wp\/v2\/comments?post=1040"}],"version-history":[{"count":9,"href":"https:\/\/albaicin-event.be\/nl\/wp-json\/wp\/v2\/pages\/1040\/revisions"}],"predecessor-version":[{"id":6625,"href":"https:\/\/albaicin-event.be\/nl\/wp-json\/wp\/v2\/pages\/1040\/revisions\/6625"}],"wp:attachment":[{"href":"https:\/\/albaicin-event.be\/nl\/wp-json\/wp\/v2\/media?parent=1040"}],"curies":[{"name":"wp","href":"https:\/\/api.w.org\/{rel}","templated":true}]}}